{"id":665,"date":"2022-10-12T13:23:27","date_gmt":"2022-10-12T13:23:27","guid":{"rendered":"https:\/\/juanpedrogarciaoliva.com\/?page_id=665"},"modified":"2025-07-08T08:38:35","modified_gmt":"2025-07-08T08:38:35","slug":"2022-2","status":"publish","type":"page","link":"https:\/\/juanpedrogarciaoliva.com\/en\/2022-2\/","title":{"rendered":"2022"},"content":{"rendered":"<div data-elementor-type=\"wp-page\" data-elementor-id=\"665\" class=\"elementor elementor-665\">\n\t\t\t\t\t\t<section class=\"elementor-section elementor-top-section elementor-element elementor-element-77172dfc elementor-section-content-middle elementor-section-boxed elementor-section-height-default elementor-section-height-default\" data-id=\"77172dfc\" data-element_type=\"section\" data-e-type=\"section\" data-settings=\"{&quot;background_background&quot;:&quot;classic&quot;}\">\n\t\t\t\t\t\t<div class=\"elementor-container elementor-column-gap-no\">\n\t\t\t\t\t<div class=\"elementor-column elementor-col-100 elementor-top-column elementor-element elementor-element-3728ff9e\" data-id=\"3728ff9e\" data-element_type=\"column\" data-e-type=\"column\">\n\t\t\t<div class=\"elementor-widget-wrap elementor-element-populated\">\n\t\t\t\t\t\t<div class=\"elementor-element elementor-element-76bb188e elementor-invisible elementor-widget elementor-widget-heading\" data-id=\"76bb188e\" data-element_type=\"widget\" data-e-type=\"widget\" data-settings=\"{&quot;_animation&quot;:&quot;fadeInDown&quot;}\" data-widget_type=\"heading.default\">\n\t\t\t\t<div class=\"elementor-widget-container\">\n\t\t\t\t\t<h4 class=\"elementor-heading-title elementor-size-default\"><br>2022<\/h4>\t\t\t\t<\/div>\n\t\t\t\t<\/div>\n\t\t\t\t<div class=\"elementor-element elementor-element-486abd4d elementor-invisible elementor-widget elementor-widget-text-editor\" data-id=\"486abd4d\" data-element_type=\"widget\" data-e-type=\"widget\" data-settings=\"{&quot;_animation&quot;:&quot;fadeInRight&quot;}\" data-widget_type=\"text-editor.default\">\n\t\t\t\t<div class=\"elementor-widget-container\">\n\t\t\t\t\t\t\t\t\t<p><b>January 10<\/b><\/p><p>Recital in Jerez de la Frontera, Spain \u2013 <em>Sonata Op. 57 'Appassionata' by Beethoven, Scarbo by Ravel, and Sonata no. 6 Op. 82 by Prokofiev <strong>(Canceled)<\/strong><\/em><\/p><p><b style=\"font-style: inherit;\">January 29<\/b><\/p><p>Masterclass with Aleksandar Madzar, Amsterdam \u2013 <em>Sonata Op. 57 'Appassionata' by Beethoven<\/em><\/p><p><b>February 6<\/b><\/p><p>Recital in Papagenohuis, Laren, The Netherlands \u2013 <em>Sonata Op. 57 'Appassionata' by Beethoven, Scarbo by Ravel, and Sonata no. 6 Op. 82 by Prokofiev<\/em><\/p><p><b>February 25<\/b><\/p><p>Recital at <a href=\"https:\/\/oosterkerk-amsterdam.nl\/event\/vrijdagmiddagconcert-pianist-juan-pedro-garcia-oliva\/\" target=\"_blank\" rel=\"noopener\">Oosterkerk<\/a>, Amsterdam \u2013 <em>Sonata Op. 57 'Appassionata' by Beethoven, and Sonata no. 6 Op. 82 by Prokofiev <strong>(Canceled)<\/strong><\/em><\/p><p><b>February 27<\/b><\/p><p>Recital in Caf\u00e9 Belcampo, Amsterdam \u2013 <em>Sonata Op. 57 'Appassionata' by Beethoven, and Sonata no. 6 Op. 82 by Prokofiev<\/em><\/p><p><b>February 27<\/b><\/p><p>'Podium Witteman' \u2013 <em>Sonata Op. 57 'Appassionata' by Beethoven<\/em><\/p><p><b>March 27<\/b><\/p><p>Recital in Papagenohuis, Laren, The Netherlands \u2013 <em>Klavierst\u00fccke Op. 3 de Kurt\u00e1g, <\/em><em>Sonata Op. 57 'Appassionata' by Beethoven, and Sonata no. 6 Op. 82 by Prokofiev<\/em><\/p><p><b>April 9<\/b><\/p><p>Recital at <a href=\"https:\/\/www.museumvosbergen.https:\/\/www.museumvosbergen.nl\/kaartverkoopnl\" target=\"_blank\" rel=\"noopener\">Muziekinstrumentenmuseum Vosbergen<\/a>, Eelde, The Netherlands \u2013 <em>Sonata Op. 57 'Appassionata' by Beethoven, Variations brillantes Op. 12 by Chopin, Scarbo by Ravel, and Sonata no. 6 Op. 82 by Prokofiev<\/em><\/p><p><b>April 18<\/b><\/p><p>Concert together with SIAMO Orkest and Aron Trungali, The Hague, The Netherlands \u2013 <em>Piano concerto Op. 54 by Schumann \u00a0<\/em><\/p><p><b>25 Mayo<\/b><\/p><p>Recital at <a href=\"https:\/\/www.klassiekemuziek.nl\/e\/16053\/pianorecital-juan-pedro-garcia-oliva\" target=\"_blank\" rel=\"noopener\">Academiehuis Grote Kerk<\/a>, Zwolle, The Netherlands \u2013 <em>French overture BWV831 by Bach, and Sonata no. 6 Op. 82 by Prokofiev<\/em><\/p><p><b>June 12<\/b><\/p><p>Recital at <a href=\"https:\/\/www.eventbrite.nl\/e\/tickets-ypf-young-virtuosi-serie-juan-pedro-garcia-oliva-341692179507\" target=\"_blank\" rel=\"noopener\">De Duif<\/a>, Amsterdam \u2013 <em>Adagio K540 by Mozart,<\/em> <em>Sonata Op. 57 'Appassionata' by Beethoven, Variations brillantes Op. 12 by Chopin, Gaspard de la nuit by Ravel <\/em><\/p><p><b>July 3<\/b><\/p><p>Recital at <a href=\"https:\/\/www.openluchttheater.nl\" target=\"_blank\" rel=\"noopener\">Vondelpark<\/a>, Amsterdam \u2013 <em>Sonata Op. 57 'Appassionata' by Beethoven, Variations brillantes Op. 12 by Chopin, Gaspard de la nuit by Ravel<\/em><\/p><p><b>August 5<\/b><\/p><p>Recital at <a href=\"https:\/\/pianobidos.org\/en\/\" target=\"_blank\" rel=\"noopener\">Audit\u00f3rio Municipal<\/a> in \u00d3bidos, Portugal \u2013 <em>Gaspard de la nuit de Ravel, and Sonata no. 6 Op. 82 by Prokofiev<\/em><\/p><p><b>August 8<\/b><\/p><p>Recital at <a href=\"https:\/\/pianobidos.org\/en\/\" target=\"_blank\" rel=\"noopener\">Cine-Teatro da Nazar\u00e9<\/a>, Portugal \u2013 <em>Gaspard de la nuit de Ravel, and Sonata no. 6 Op. 82 by Prokofiev<\/em><\/p><p><b>August 9<\/b><\/p><p>Recital at <a href=\"https:\/\/pianobidos.org\/en\/\" target=\"_blank\" rel=\"noopener\">Museu do Oriente<\/a> in Lisboa, Portugal \u2013 <em>Gaspard de la nuit de Ravel, and Sonata no. 6 Op. 82 by Prokofiev<\/em><\/p><p><b>August 11<\/b><\/p><p>Recital at <a href=\"https:\/\/www.entrapolis.com\/entradas\/concierto-de-piano-jovenes-talentos-de-la-musica\" target=\"_blank\" rel=\"noopener\">Sanl\u00facar de Barrameda<\/a>, Spain \u2013 <em>Sonata no. 6 Op. 82 by Prokofiev<\/em><\/p><p><b>August 15<\/b><\/p><p>Recital at <a href=\"https:\/\/sipiano.com\/?portfolio=beethoven-bartok-lundi-17-aout\" target=\"_blank\" rel=\"noopener\">Blonay<\/a>, Switzerland \u2013 <em>Gaspard de la nuit de Ravel, and Sonata no. 6 Op. 82 by Prokofiev<\/em><\/p><p><b>October 16<\/b><\/p><p>Recital at <a href=\"https:\/\/bijandreas.nl\/concert\/juan-pedro-garcia-oliva-winnaar-ypf-nmf\/\" target=\"_blank\" rel=\"noopener\">Bij Andreas<\/a>, Naarden, The Netherlands \u2013 <em>Variations brillantes Op. 12 by Chopin,<\/em> <em>Gaspard de la nuit de Ravel, and Sonata no. 6 Op. 82 by Prokofiev<\/em><\/p><p><b>October 24<\/b><\/p><p>Recital at <a href=\"https:\/\/www.concertgebouw.nl\/en\/concerts\/2348617-juan-pedro-garc\u00eda-chiaroscuro\" target=\"_blank\" rel=\"noopener\">Concertgebouw<\/a>, Amsterdam \u2013 <em>Sonata Op. 57 'Appassionata' by Beethoven, Gaspard de la unit by Ravel, and Sonata no. 6 Op. 82 by Prokofiev<\/em><\/p><p><b>November 10<\/b><\/p><p>2 pianos recital with Carlos Mar\u00edn Rayo and mezzosoprano Virpi R\u00e4is\u00e4nen in Concertgebouw (Grote Zaal), Amsterdam \u2013 <em>Works by Holst, Falla, Purcell, and Hahn<\/em><\/p><p><b>November 10<\/b><\/p><p>YPF \u2018Dinner for excellence\u2019 in De Duif, Amsterdam\u00a0<\/p><p><b>November 15<\/b><\/p><p>Masterclass with Arcadi Volodos in Bernard Haitinkzaal, Amsterdam \u2013 <em>Fantasie Op. 17 by Schumann <strong>(Canceled)<\/strong><\/em><\/p>\t\t\t\t\t\t\t\t<\/div>\n\t\t\t\t<\/div>\n\t\t\t\t\t<\/div>\n\t\t<\/div>\n\t\t\t\t\t<\/div>\n\t\t<\/section>\n\t\t\t\t<\/div>","protected":false},"excerpt":{"rendered":"<p>2022 10 Enero Recital en Jerez de la Frontera, Espa\u00f1a &#8211; Sonata Op. 57 &#8216;Appassionata&#8217; de Beethoven, Scarbo de Ravel y Sonata n\u00ba6 Op. 82 de Prokofiev (Cancelado) 29 Enero Masterclass con Aleksandar Madzar, Amsterdam &#8211; Sonata Op. 57 &#8216;Appassionata&#8217; de Beethoven 6 Febrero Recital en Papagenohuis, Laren, Pa\u00edses Bajos &#8211; Sonata Op. 57 &#8216;Appassionata&#8217; [&hellip;]<\/p>\n","protected":false},"author":1,"featured_media":0,"parent":0,"menu_order":0,"comment_status":"closed","ping_status":"closed","template":"","meta":{"_monsterinsights_skip_tracking":false,"_monsterinsights_sitenote_active":false,"_monsterinsights_sitenote_note":"","_monsterinsights_sitenote_category":0,"site-sidebar-layout":"no-sidebar","site-content-layout":"page-builder","ast-site-content-layout":"default","site-content-style":"default","site-sidebar-style":"default","ast-global-header-display":"","ast-banner-title-visibility":"","ast-main-header-display":"","ast-hfb-above-header-display":"","ast-hfb-below-header-display":"","ast-hfb-mobile-header-display":"","site-post-title":"disabled","ast-breadcrumbs-content":"","ast-featured-img":"disabled","footer-sml-layout":"","ast-disable-related-posts":"","theme-transparent-header-meta":"","adv-header-id-meta":"","stick-header-meta":"","header-above-stick-meta":"","header-main-stick-meta":"","header-below-stick-meta":"","astra-migrate-meta-layouts":"default","ast-page-background-enabled":"default","ast-page-background-meta":{"desktop":{"background-color":"var(--ast-global-color-4)","background-image":"","background-repeat":"repeat","background-position":"center center","background-size":"auto","background-attachment":"scroll","background-type":"","background-media":"","overlay-type":"","overlay-color":"","overlay-opacity":"","overlay-gradient":""},"tablet":{"background-color":"","background-image":"","background-repeat":"repeat","background-position":"center center","background-size":"auto","background-attachment":"scroll","background-type":"","background-media":"","overlay-type":"","overlay-color":"","overlay-opacity":"","overlay-gradient":""},"mobile":{"background-color":"","background-image":"","background-repeat":"repeat","background-position":"center center","background-size":"auto","background-attachment":"scroll","background-type":"","background-media":"","overlay-type":"","overlay-color":"","overlay-opacity":"","overlay-gradient":""}},"ast-content-background-meta":{"desktop":{"background-color":"var(--ast-global-color-5)","background-image":"","background-repeat":"repeat","background-position":"center center","background-size":"auto","background-attachment":"scroll","background-type":"","background-media":"","overlay-type":"","overlay-color":"","overlay-opacity":"","overlay-gradient":""},"tablet":{"background-color":"var(--ast-global-color-5)","background-image":"","background-repeat":"repeat","background-position":"center center","background-size":"auto","background-attachment":"scroll","background-type":"","background-media":"","overlay-type":"","overlay-color":"","overlay-opacity":"","overlay-gradient":""},"mobile":{"background-color":"var(--ast-global-color-5)","background-image":"","background-repeat":"repeat","background-position":"center center","background-size":"auto","background-attachment":"scroll","background-type":"","background-media":"","overlay-type":"","overlay-color":"","overlay-opacity":"","overlay-gradient":""}},"footnotes":""},"class_list":["post-665","page","type-page","status-publish","hentry"],"aioseo_notices":[],"_links":{"self":[{"href":"https:\/\/juanpedrogarciaoliva.com\/en\/wp-json\/wp\/v2\/pages\/665","targetHints":{"allow":["GET"]}}],"collection":[{"href":"https:\/\/juanpedrogarciaoliva.com\/en\/wp-json\/wp\/v2\/pages"}],"about":[{"href":"https:\/\/juanpedrogarciaoliva.com\/en\/wp-json\/wp\/v2\/types\/page"}],"author":[{"embeddable":true,"href":"https:\/\/juanpedrogarciaoliva.com\/en\/wp-json\/wp\/v2\/users\/1"}],"replies":[{"embeddable":true,"href":"https:\/\/juanpedrogarciaoliva.com\/en\/wp-json\/wp\/v2\/comments?post=665"}],"version-history":[{"count":46,"href":"https:\/\/juanpedrogarciaoliva.com\/en\/wp-json\/wp\/v2\/pages\/665\/revisions"}],"predecessor-version":[{"id":1191,"href":"https:\/\/juanpedrogarciaoliva.com\/en\/wp-json\/wp\/v2\/pages\/665\/revisions\/1191"}],"wp:attachment":[{"href":"https:\/\/juanpedrogarciaoliva.com\/en\/wp-json\/wp\/v2\/media?parent=665"}],"curies":[{"name":"wp","href":"https:\/\/api.w.org\/{rel}","templated":true}]}}